{"id":130,"date":"2022-03-18T14:18:32","date_gmt":"2022-03-18T17:18:32","guid":{"rendered":"http:\/\/calfesa.com.br\/?page_id=130"},"modified":"2022-03-22T17:50:06","modified_gmt":"2022-03-22T20:50:06","slug":"empresa","status":"publish","type":"page","link":"https:\/\/calfesa.com.br\/index.php\/empresa\/","title":{"rendered":"EMPRESA"},"content":{"rendered":"\t\t<div data-elementor-type=\"wp-page\" data-elementor-id=\"130\" class=\"elementor elementor-130\" data-elementor-settings=\"[]\">\n\t\t\t\t\t\t\t<div class=\"elementor-section-wrap\">\n\t\t\t\t\t\t\t<section class=\"elementor-section elementor-top-section elementor-element elementor-element-c573b57 elementor-section-boxed elementor-section-height-default elementor-section-height-default\" data-id=\"c573b57\" data-element_type=\"section\">\n\t\t\t\t\t\t<div class=\"elementor-container elementor-column-gap-default\">\n\t\t\t\t\t<div class=\"elementor-column elementor-col-100 elementor-top-column elementor-element elementor-element-62422cf\" data-id=\"62422cf\" data-element_type=\"column\">\n\t\t\t<div class=\"elementor-widget-wrap elementor-element-populated\">\n\t\t\t\t\t\t\t\t<div class=\"elementor-element elementor-element-b76a942 elementor-headline--style-highlight elementor-widget elementor-widget-animated-headline\" data-id=\"b76a942\" data-element_type=\"widget\" data-settings=\"{&quot;marker&quot;:&quot;underline&quot;,&quot;highlighted_text&quot;:&quot;Empresa&quot;,&quot;headline_style&quot;:&quot;highlight&quot;,&quot;loop&quot;:&quot;yes&quot;,&quot;highlight_animation_duration&quot;:1200,&quot;highlight_iteration_delay&quot;:8000}\" data-widget_type=\"animated-headline.default\">\n\t\t\t\t<div class=\"elementor-widget-container\">\n\t\t\t\t\t<h3 class=\"elementor-headline\">\n\t\t\t\t\t<span class=\"elementor-headline-plain-text elementor-headline-text-wrapper\">A<\/span>\n\t\t\t\t<span class=\"elementor-headline-dynamic-wrapper elementor-headline-text-wrapper\">\n\t\t\t\t\t<span class=\"elementor-headline-dynamic-text elementor-headline-text-active\">Empresa<\/span>\n\t\t\t\t<\/span>\n\t\t\t\t<\/h3>\n\t\t\t\t<\/div>\n\t\t\t\t<\/div>\n\t\t\t\t<div class=\"elementor-element elementor-element-a26bcd4 elementor-widget elementor-widget-text-editor\" data-id=\"a26bcd4\" data-element_type=\"widget\" data-widget_type=\"text-editor.default\">\n\t\t\t\t<div class=\"elementor-widget-container\">\n\t\t\t\t\t\t\t<p><b>CALFESA<\/b>\u00a0\u00e9 uma marca Registrada no INPI (Instituto Nacional de Propriedade Industrial) sendo, desta forma, propriedade particular e de uso exclusivo.<br \/>Os coturnos CALFESA s\u00e3o fabricados \u00fanica e exclusivamente pela MASTER COUROS, empresa situada na cidade de Tr\u00eas Cora\u00e7\u00f5es, MG.<br \/>A MASTER COUROS \u00e9 uma empresa tradicional no mercado de cal\u00e7ados militares, em virtude de fabricar e distribuir os coturnos da marca ATALAIA.<br \/>Unindo alta tecnologia \u00e0 qualidade da mat\u00e9ria-prima, a MASTER COUROS proporcionou aos coturnos CALFESA as caracter\u00edsticas de FLUTUABILIDADE POSITIVA e CONFORTO.<br \/>Venha conferir o nosso ATENDIMENTO PERSONALIZADO, AGILIDADE DE ENTREGA, QUALIDADE e GARANTIA TOTAL CONTRA DEFEITOS DE FABRICA\u00c7\u00c3O, que fazem hoje da marca CALFESA uma das melhores e mais confi\u00e1veis marcas de coturnos do pa\u00eds!<br \/>CALFESA original somente MASTER COUROS.<br \/>N\u00e3o aceite imita\u00e7\u00f5es!<\/p>\t\t\t\t\t\t<\/div>\n\t\t\t\t<\/div>\n\t\t\t\t<div class=\"elementor-element elementor-element-32ba95b elementor-widget-divider--view-line elementor-widget elementor-widget-divider\" data-id=\"32ba95b\" data-element_type=\"widget\" data-widget_type=\"divider.default\">\n\t\t\t\t<div class=\"elementor-widget-container\">\n\t\t\t\t\t<div class=\"elementor-divider\">\n\t\t\t<span class=\"elementor-divider-separator\">\n\t\t\t\t\t\t<\/span>\n\t\t<\/div>\n\t\t\t\t<\/div>\n\t\t\t\t<\/div>\n\t\t\t\t\t<\/div>\n\t\t<\/div>\n\t\t\t\t\t\t\t<\/div>\n\t\t<\/section>\n\t\t\t\t\t\t<\/div>\n\t\t\t\t\t<\/div>\n\t\t","protected":false},"excerpt":{"rendered":"<p>A Empresa CALFESA\u00a0\u00e9 uma marca Registrada no INPI (Instituto Nacional de Propriedade Industrial) sendo, desta forma, propriedade particular e de uso exclusivo.Os coturnos CALFESA s\u00e3o fabricados \u00fanica e exclusivamente pela MASTER COUROS, empresa situada na cidade de Tr\u00eas Cora\u00e7\u00f5es, MG.A MASTER COUROS \u00e9 uma empresa tradicional no mercado de cal\u00e7ados militares, em virtude de fabricar [&hellip;]<\/p>\n","protected":false},"author":1,"featured_media":0,"parent":0,"menu_order":0,"comment_status":"closed","ping_status":"closed","template":"elementor_header_footer","meta":[],"_links":{"self":[{"href":"https:\/\/calfesa.com.br\/index.php\/wp-json\/wp\/v2\/pages\/130"}],"collection":[{"href":"https:\/\/calfesa.com.br\/index.php\/wp-json\/wp\/v2\/pages"}],"about":[{"href":"https:\/\/calfesa.com.br\/index.php\/wp-json\/wp\/v2\/types\/page"}],"author":[{"embeddable":true,"href":"https:\/\/calfesa.com.br\/index.php\/wp-json\/wp\/v2\/users\/1"}],"replies":[{"embeddable":true,"href":"https:\/\/calfesa.com.br\/index.php\/wp-json\/wp\/v2\/comments?post=130"}],"version-history":[{"count":0,"href":"https:\/\/calfesa.com.br\/index.php\/wp-json\/wp\/v2\/pages\/130\/revisions"}],"wp:attachment":[{"href":"https:\/\/calfesa.com.br\/index.php\/wp-json\/wp\/v2\/media?parent=130"}],"curies":[{"name":"wp","href":"https:\/\/api.w.org\/{rel}","templated":true}]}}