{"id":136,"date":"2022-03-18T14:19:46","date_gmt":"2022-03-18T17:19:46","guid":{"rendered":"http:\/\/calfesa.com.br\/?page_id=136"},"modified":"2022-03-18T17:48:22","modified_gmt":"2022-03-18T20:48:22","slug":"flutuabilidade-positiva","status":"publish","type":"page","link":"https:\/\/calfesa.com.br\/index.php\/flutuabilidade-positiva\/","title":{"rendered":"FLUTUABILIDADE POSITIVA"},"content":{"rendered":"\t\t<div data-elementor-type=\"wp-page\" data-elementor-id=\"136\" class=\"elementor elementor-136\" data-elementor-settings=\"[]\">\n\t\t\t\t\t\t\t<div class=\"elementor-section-wrap\">\n\t\t\t\t\t\t\t<section class=\"elementor-section elementor-top-section elementor-element elementor-element-b916807 elementor-section-boxed elementor-section-height-default elementor-section-height-default\" data-id=\"b916807\" data-element_type=\"section\">\n\t\t\t\t\t\t<div class=\"elementor-container elementor-column-gap-default\">\n\t\t\t\t\t<div class=\"elementor-column elementor-col-100 elementor-top-column elementor-element elementor-element-2ce5f8c\" data-id=\"2ce5f8c\" data-element_type=\"column\">\n\t\t\t<div class=\"elementor-widget-wrap elementor-element-populated\">\n\t\t\t\t\t\t\t\t<div class=\"elementor-element elementor-element-6f04060 elementor-widget elementor-widget-heading\" data-id=\"6f04060\" data-element_type=\"widget\" data-widget_type=\"heading.default\">\n\t\t\t\t<div class=\"elementor-widget-container\">\n\t\t\t<h2 class=\"elementor-heading-title elementor-size-default\">Flutuabilidade Positiva<\/h2>\t\t<\/div>\n\t\t\t\t<\/div>\n\t\t\t\t<div class=\"elementor-element elementor-element-3b78d6e elementor-widget-divider--view-line elementor-widget elementor-widget-divider\" data-id=\"3b78d6e\" data-element_type=\"widget\" data-widget_type=\"divider.default\">\n\t\t\t\t<div class=\"elementor-widget-container\">\n\t\t\t\t\t<div class=\"elementor-divider\">\n\t\t\t<span class=\"elementor-divider-separator\">\n\t\t\t\t\t\t<\/span>\n\t\t<\/div>\n\t\t\t\t<\/div>\n\t\t\t\t<\/div>\n\t\t\t\t<div class=\"elementor-element elementor-element-2cc4eef elementor-widget elementor-widget-text-editor\" data-id=\"2cc4eef\" data-element_type=\"widget\" data-widget_type=\"text-editor.default\">\n\t\t\t\t<div class=\"elementor-widget-container\">\n\t\t\t\t\t\t\t<div class=\"section-description\">Os Coturnos CALFESA s\u00e3o muito conhecidos pela sua caracter\u00edstica de Flutuabilidade Positiva<\/div>\t\t\t\t\t\t<\/div>\n\t\t\t\t<\/div>\n\t\t\t\t<div class=\"elementor-element elementor-element-9f9a9b0 elementor-widget-divider--view-line elementor-widget elementor-widget-divider\" data-id=\"9f9a9b0\" data-element_type=\"widget\" data-widget_type=\"divider.default\">\n\t\t\t\t<div class=\"elementor-widget-container\">\n\t\t\t\t\t<div class=\"elementor-divider\">\n\t\t\t<span class=\"elementor-divider-separator\">\n\t\t\t\t\t\t<\/span>\n\t\t<\/div>\n\t\t\t\t<\/div>\n\t\t\t\t<\/div>\n\t\t\t\t<div class=\"elementor-element elementor-element-8f761c0 elementor-widget elementor-widget-text-editor\" data-id=\"8f761c0\" data-element_type=\"widget\" data-widget_type=\"text-editor.default\">\n\t\t\t\t<div class=\"elementor-widget-container\">\n\t\t\t\t\t\t\t<p><b>Flutuabilidade Positiva<\/b>\u00a0\u00e9 um termo t\u00e9cnico que identifica objetos que flutuam acima do n\u00edvel da \u00e1gua, como um navio, ao contr\u00e1rio da Flutuabilidade Negativa, que identifica objetos que flutuam abaixo no n\u00edvel da \u00e1gua, como um submarino. Nossos Coturnos s\u00e3o desenvolvidos com tecnologia que lhes confere a caracter\u00edstica da Flutuabilidade Positiva, tornando-os leve e adequados para treinamentos ou situa\u00e7\u00f5es reais que exijam flutua\u00e7\u00e3o. Al\u00e9m do mais, a carater\u00edstica de flutuabilidade proporciona a nossos coturnos grande leveza e conforto, tornando-o ideal para qualquer situa\u00e7\u00e3o.<\/p>\t\t\t\t\t\t<\/div>\n\t\t\t\t<\/div>\n\t\t\t\t\t<\/div>\n\t\t<\/div>\n\t\t\t\t\t\t\t<\/div>\n\t\t<\/section>\n\t\t\t\t\t\t<\/div>\n\t\t\t\t\t<\/div>\n\t\t","protected":false},"excerpt":{"rendered":"<p>Flutuabilidade Positiva Os Coturnos CALFESA s\u00e3o muito conhecidos pela sua caracter\u00edstica de Flutuabilidade Positiva Flutuabilidade Positiva\u00a0\u00e9 um termo t\u00e9cnico que identifica objetos que flutuam acima do n\u00edvel da \u00e1gua, como um navio, ao contr\u00e1rio da Flutuabilidade Negativa, que identifica objetos que flutuam abaixo no n\u00edvel da \u00e1gua, como um submarino. Nossos Coturnos s\u00e3o desenvolvidos com [&hellip;]<\/p>\n","protected":false},"author":1,"featured_media":0,"parent":0,"menu_order":0,"comment_status":"closed","ping_status":"closed","template":"elementor_header_footer","meta":[],"_links":{"self":[{"href":"https:\/\/calfesa.com.br\/index.php\/wp-json\/wp\/v2\/pages\/136"}],"collection":[{"href":"https:\/\/calfesa.com.br\/index.php\/wp-json\/wp\/v2\/pages"}],"about":[{"href":"https:\/\/calfesa.com.br\/index.php\/wp-json\/wp\/v2\/types\/page"}],"author":[{"embeddable":true,"href":"https:\/\/calfesa.com.br\/index.php\/wp-json\/wp\/v2\/users\/1"}],"replies":[{"embeddable":true,"href":"https:\/\/calfesa.com.br\/index.php\/wp-json\/wp\/v2\/comments?post=136"}],"version-history":[{"count":0,"href":"https:\/\/calfesa.com.br\/index.php\/wp-json\/wp\/v2\/pages\/136\/revisions"}],"wp:attachment":[{"href":"https:\/\/calfesa.com.br\/index.php\/wp-json\/wp\/v2\/media?parent=136"}],"curies":[{"name":"wp","href":"https:\/\/api.w.org\/{rel}","templated":true}]}}