{"id":206,"date":"2022-03-21T13:45:56","date_gmt":"2022-03-21T16:45:56","guid":{"rendered":"http:\/\/calfesa.com.br\/?post_type=product&#038;p=206"},"modified":"2025-12-22T18:12:55","modified_gmt":"2025-12-22T21:12:55","slug":"206","status":"publish","type":"product","link":"https:\/\/calfesa.com.br\/index.php\/produto\/206\/","title":{"rendered":"CALFESA TRADICIONAL Lona Preta"},"content":{"rendered":"<p style=\"text-align: left;\">O coturno CALFESA \u00e9 um \u00edcone dos cal\u00e7ados militares. Conhecido por sua robustez e flutuabilidade, \u00e9 refer\u00eancia para os militares que procuram um coturno que atenda \u00e0s m\u00e1ximas exig\u00eancias dos treinamentos e opera\u00e7\u00f5es de combate, sobretudo \u00e0queles que ocorrem em variados terrenos e diversificadas situa\u00e7\u00f5es clim\u00e1ticas.<\/p>\n<p>O CALFESA \u00e9 confeccionado em couro leg\u00edtimo de alta qualidade.<\/p>\n<p>Tiras de refor\u00e7o laterais\u00a0traseira e no colarinho em poli\u00e9ster de alta resist\u00eancia.<\/p>\n<p>Corte ergon\u00f4mico em &#8220;v&#8221; entre os ilhoses para facilitar a movimenta\u00e7\u00e3o e tornar mais eficiente a passada.<\/p>\n<p>Possui duas v\u00e1lvulas de respiro e drenagem na lateral interna de cada p\u00e9.<\/p>\n<p>Cano em poli\u00e9ster de alta tenacidade semi-imperme\u00e1vel e respir\u00e1vel.<\/p>\n<p><strong>N\u00e3o descola:<\/strong> utiliza um exclusivo solado de Poliuretano (PU) colado e costurado ao cabedal que n\u00e3o descola.<\/p>\n<p><strong>Maior resist\u00eancia \u00e0 hidr\u00f3lise:<\/strong> utiliza PU de excelente qualidade assegurando maior resist\u00eancia \u00e0 hidr\u00f3lise e possibilitando, assim, o uso pleno em manobras aqu\u00e1ticas.<\/p>\n<p><strong>Flutua:<\/strong> adotando densidade espec\u00edfica no solado de PU e t\u00e9cnica especial de montagem, o CALFESA det\u00e9m excelente flutuabilidade positiva entre os coturnos militares.<\/p>\n<p><strong>Melhor ajuste:<\/strong> com novo cadar\u00e7o em poli\u00e9ster e carreira de ilh\u00f3s em couro mais largo, proporciona maior resist\u00eancia e melhor ajuste do cal\u00e7ado ao p\u00e9 do combatente.<\/p>\n<p>Dispon\u00edvel nas numera\u00e7\u00f5es 36 ao 45<\/p>\n<p>&nbsp;<\/p>\n","protected":false},"excerpt":{"rendered":"<p>O Novo CALFESA \u00e9 confeccionado em couro semi-brilho preto, com fina estampa de acabamento que aumenta sua durabilidade, e lona preta.<\/p>\n<ul class=\"feature-list\">\n<li><i class=\"icon_lock_alt\"><\/i>Solado de Poliuretano Anti-hidr\u00f3lise e anti-derrapante.<\/li>\n<li><i class=\"icon_check_alt2\"><\/i>Flutuabilidade positiva.<\/li>\n<li><i class=\"icon_paperclip\"><\/i>Melhor ajuste.<\/li>\n<li>Op\u00e7\u00e3o com e sem z\u00edper.<\/li>\n<li>Numera\u00e7\u00e3o entre 36 e 45.<\/li>\n<li>O cano \u00e9 confeccionado em poli\u00e9ster de alta resist\u00eancia e forrado com material dispersante de transpira\u00e7\u00e3o.<\/li>\n<li><i class=\"icon_adjust-vert\"><\/i>Foi desenvolvido para suportar situa\u00e7\u00f5es extremas de combate em terrenos hostis.<\/li>\n<\/ul>\n","protected":false},"featured_media":402,"comment_status":"open","ping_status":"closed","template":"","meta":[],"product_cat":[27],"product_tag":[30,28,29,31],"_links":{"self":[{"href":"https:\/\/calfesa.com.br\/index.php\/wp-json\/wp\/v2\/product\/206"}],"collection":[{"href":"https:\/\/calfesa.com.br\/index.php\/wp-json\/wp\/v2\/product"}],"about":[{"href":"https:\/\/calfesa.com.br\/index.php\/wp-json\/wp\/v2\/types\/product"}],"replies":[{"embeddable":true,"href":"https:\/\/calfesa.com.br\/index.php\/wp-json\/wp\/v2\/comments?post=206"}],"wp:featuredmedia":[{"embeddable":true,"href":"https:\/\/calfesa.com.br\/index.php\/wp-json\/wp\/v2\/media\/402"}],"wp:attachment":[{"href":"https:\/\/calfesa.com.br\/index.php\/wp-json\/wp\/v2\/media?parent=206"}],"wp:term":[{"taxonomy":"product_cat","embeddable":true,"href":"https:\/\/calfesa.com.br\/index.php\/wp-json\/wp\/v2\/product_cat?post=206"},{"taxonomy":"product_tag","embeddable":true,"href":"https:\/\/calfesa.com.br\/index.php\/wp-json\/wp\/v2\/product_tag?post=206"}],"curies":[{"name":"wp","href":"https:\/\/api.w.org\/{rel}","templated":true}]}}